{"id":2467,"date":"2021-07-10T17:30:57","date_gmt":"2021-07-10T17:30:57","guid":{"rendered":"https:\/\/trattopunto.com\/?page_id=2467"},"modified":"2021-07-10T17:31:40","modified_gmt":"2021-07-10T17:31:40","slug":"blog","status":"publish","type":"page","link":"https:\/\/trattopunto.com\/es\/blog\/","title":{"rendered":"Blog"},"content":{"rendered":"<p>[vc_row][vc_column]<div class=\"column_filters\"><div class=\"blog_wrapper isotope_wrapper clearfix\"><div class=\"posts_group lm_wrapper col-2 timeline\"><div class=\"post-item isotope-item clearfix author-1d3-net post-3317 post type-post status-publish format-standard has-post-thumbnail hentry category-sin-categorizar tag-archivio-es tag-brennero-es tag-digitalizzazione-es tag-incuna-es tag-ingegneria-es tag-novecento-es tag-patrimonio-industriale-es tag-ponti-es tag-progettazione-es tag-ticcih-es tag-trentino-es tag-turismo-industriale-es tag-viadotti-es\" ><div class=\"date_label\">08\/01\/2025<\/div><div class=\"image_frame post-photo-wrapper scale-with-grid image\"><div class=\"image_wrapper\"><a href=\"https:\/\/trattopunto.com\/es\/i-presidenti-di-ticcih-e-incuna-in-visita-in-trentino\/\"><div class=\"mask\"><\/div><img loading=\"lazy\" decoding=\"async\" width=\"300\" height=\"200\" src=\"https:\/\/trattopunto.com\/wp-content\/uploads\/2025\/01\/trattopunto_trentino900_evidenza.jpg\" class=\"scale-with-grid wp-post-image\" alt=\"I presidenti di Ticcih e Incuna\" srcset=\"https:\/\/trattopunto.com\/wp-content\/uploads\/2025\/01\/trattopunto_trentino900_evidenza.jpg 300w, https:\/\/trattopunto.com\/wp-content\/uploads\/2025\/01\/trattopunto_trentino900_evidenza-150x100.jpg 150w, https:\/\/trattopunto.com\/wp-content\/uploads\/2025\/01\/trattopunto_trentino900_evidenza-219x146.jpg 219w, https:\/\/trattopunto.com\/wp-content\/uploads\/2025\/01\/trattopunto_trentino900_evidenza-50x33.jpg 50w, https:\/\/trattopunto.com\/wp-content\/uploads\/2025\/01\/trattopunto_trentino900_evidenza-113x75.jpg 113w\" sizes=\"(max-width: 300px) 100vw, 300px\" \/><\/a><div class=\"image_links double\"><a href=\"https:\/\/trattopunto.com\/wp-content\/uploads\/2025\/01\/trattopunto_trentino900_evidenza.jpg\" class=\"zoom\" rel=\"prettyphoto\"><i class=\"icon-search\"><\/i><\/a><a href=\"https:\/\/trattopunto.com\/es\/i-presidenti-di-ticcih-e-incuna-in-visita-in-trentino\/\" class=\"link\"><i class=\"icon-link\"><\/i><\/a><\/div><\/div><\/div><div class=\"post-desc-wrapper\"><div class=\"post-desc\"><div class=\"post-head\"><\/div><div class=\"post-title\"><h2 class=\"entry-title\" itemprop=\"headline\"><a href=\"https:\/\/trattopunto.com\/es\/i-presidenti-di-ticcih-e-incuna-in-visita-in-trentino\/\">Los presidentes de Ticcih e Incuna visitan Trentino<\/a><\/h2><\/div><div class=\"post-excerpt\">Breve recorrido organizado por TrattoPunto en el seminario sobre dise\u00f1o de ingenier\u00eda en Trentino<\/div><div class=\"post-footer\"><div class=\"button-love\"><span class=\"love-text\">Do you like it?<\/span><a href=\"#\" class=\"mfn-love \" data-id=\"3317\"><span class=\"icons-wrapper\"><i class=\"icon-heart-empty-fa\"><\/i><i class=\"icon-heart-fa\"><\/i><\/span><span class=\"label\">112<\/span><\/a><\/div><div class=\"post-links\"><i class=\"icon-doc-text\"><\/i> <a href=\"https:\/\/trattopunto.com\/es\/i-presidenti-di-ticcih-e-incuna-in-visita-in-trentino\/\" class=\"post-more\">Leggi Tutto<\/a><\/div><\/div><\/div><\/div><\/div><div class=\"post-item isotope-item clearfix author-1d3-net post-3124 post type-post status-publish format-standard has-post-thumbnail hentry category-sin-categorizar\" ><div class=\"date_label\">24\/06\/2021<\/div><div class=\"image_frame post-photo-wrapper scale-with-grid image\"><div class=\"image_wrapper\"><a href=\"https:\/\/trattopunto.com\/es\/industrial-tourism-according-to-trattopunto-a-network-at-the-service-of-erih\/\"><div class=\"mask\"><\/div><img loading=\"lazy\" decoding=\"async\" width=\"299\" height=\"200\" src=\"https:\/\/trattopunto.com\/wp-content\/uploads\/2021\/06\/trattopunto_meetingerih_evidenza.jpg\" class=\"scale-with-grid wp-post-image\" alt=\"un network a servizio della rete ERIH\" srcset=\"https:\/\/trattopunto.com\/wp-content\/uploads\/2021\/06\/trattopunto_meetingerih_evidenza.jpg 300w, https:\/\/trattopunto.com\/wp-content\/uploads\/2021\/06\/trattopunto_meetingerih_evidenza-150x101.jpg 150w, https:\/\/trattopunto.com\/wp-content\/uploads\/2021\/06\/trattopunto_meetingerih_evidenza-218x146.jpg 218w, https:\/\/trattopunto.com\/wp-content\/uploads\/2021\/06\/trattopunto_meetingerih_evidenza-50x34.jpg 50w, https:\/\/trattopunto.com\/wp-content\/uploads\/2021\/06\/trattopunto_meetingerih_evidenza-112x75.jpg 112w\" sizes=\"(max-width: 299px) 100vw, 299px\" \/><\/a><div class=\"image_links double\"><a href=\"https:\/\/trattopunto.com\/wp-content\/uploads\/2021\/06\/trattopunto_meetingerih_evidenza.jpg\" class=\"zoom\" rel=\"prettyphoto\"><i class=\"icon-search\"><\/i><\/a><a href=\"https:\/\/trattopunto.com\/es\/industrial-tourism-according-to-trattopunto-a-network-at-the-service-of-erih\/\" class=\"link\"><i class=\"icon-link\"><\/i><\/a><\/div><\/div><\/div><div class=\"post-desc-wrapper\"><div class=\"post-desc\"><div class=\"post-head\"><\/div><div class=\"post-title\"><h2 class=\"entry-title\" itemprop=\"headline\"><a href=\"https:\/\/trattopunto.com\/es\/industrial-tourism-according-to-trattopunto-a-network-at-the-service-of-erih\/\">Turismo industrial seg\u00fan TrattoPunto, una red al servicio de la ERIH<\/a><\/h2><\/div><div class=\"post-excerpt\">Propuestas de productos comerciales para colocar en el mercado tur\u00edstico europeo<\/div><div class=\"post-footer\"><div class=\"button-love\"><span class=\"love-text\">Do you like it?<\/span><a href=\"#\" class=\"mfn-love \" data-id=\"3124\"><span class=\"icons-wrapper\"><i class=\"icon-heart-empty-fa\"><\/i><i class=\"icon-heart-fa\"><\/i><\/span><span class=\"label\">75<\/span><\/a><\/div><div class=\"post-links\"><i class=\"icon-doc-text\"><\/i> <a href=\"https:\/\/trattopunto.com\/es\/industrial-tourism-according-to-trattopunto-a-network-at-the-service-of-erih\/\" class=\"post-more\">Leggi Tutto<\/a><\/div><\/div><\/div><\/div><\/div><\/div><\/div>\n<\/div>\n[\/vc_column][\/vc_row]<\/p>\n","protected":false},"excerpt":{"rendered":"<p>[vc_row][vc_column][\/vc_column][\/vc_row]<\/p>\n","protected":false},"author":1,"featured_media":0,"parent":0,"menu_order":0,"comment_status":"closed","ping_status":"closed","template":"","meta":{"ngg_post_thumbnail":0,"_vp_format_video_url":"","_vp_image_focal_point":[],"footnotes":""},"class_list":["post-2467","page","type-page","status-publish","hentry"],"yoast_head":"<!-- This site is optimized with the Yoast SEO plugin v24.2 - https:\/\/yoast.com\/wordpress\/plugins\/seo\/ -->\n<title>Blog de noticias sobre Turismo Industrial y actividades de TrattoPunto<\/title>\n<meta name=\"description\" content=\"Noticias del mundo del turismo industrial, nuestras actividades y las de nuestros socios, An\u00e1lisis tem\u00e1tico en profundidad del v\u00ednculo...\" \/>\n<meta name=\"robots\" content=\"index, follow, max-snippet:-1, max-image-preview:large, max-video-preview:-1\" \/>\n<link rel=\"canonical\" href=\"https:\/\/trattopunto.com\/es\/blog\/\" \/>\n<meta property=\"og:locale\" content=\"es_ES\" \/>\n<meta property=\"og:type\" content=\"article\" \/>\n<meta property=\"og:title\" content=\"Blog de noticias sobre Turismo Industrial y actividades de TrattoPunto\" \/>\n<meta property=\"og:description\" content=\"Noticias del mundo del turismo industrial, nuestras actividades y las de nuestros socios, An\u00e1lisis tem\u00e1tico en profundidad del v\u00ednculo...\" \/>\n<meta property=\"og:url\" content=\"https:\/\/trattopunto.com\/es\/blog\/\" \/>\n<meta property=\"og:site_name\" content=\"Trattopunto\" \/>\n<meta property=\"article:modified_time\" content=\"2021-07-10T17:31:40+00:00\" \/>\n<meta name=\"twitter:label1\" content=\"Tiempo de lectura\" \/>\n\t<meta name=\"twitter:data1\" content=\"1 minuto\" \/>\n<script type=\"application\/ld+json\" class=\"yoast-schema-graph\">{\"@context\":\"https:\/\/schema.org\",\"@graph\":[{\"@type\":\"WebPage\",\"@id\":\"https:\/\/trattopunto.com\/es\/blog\/\",\"url\":\"https:\/\/trattopunto.com\/es\/blog\/\",\"name\":\"Blog de noticias sobre Turismo Industrial y actividades de TrattoPunto\",\"isPartOf\":{\"@id\":\"https:\/\/trattopunto.com\/#website\"},\"datePublished\":\"2021-07-10T17:30:57+00:00\",\"dateModified\":\"2021-07-10T17:31:40+00:00\",\"description\":\"Noticias del mundo del turismo industrial, nuestras actividades y las de nuestros socios, An\u00e1lisis tem\u00e1tico en profundidad del v\u00ednculo...\",\"breadcrumb\":{\"@id\":\"https:\/\/trattopunto.com\/es\/blog\/#breadcrumb\"},\"inLanguage\":\"es\",\"potentialAction\":[{\"@type\":\"ReadAction\",\"target\":[\"https:\/\/trattopunto.com\/es\/blog\/\"]}]},{\"@type\":\"BreadcrumbList\",\"@id\":\"https:\/\/trattopunto.com\/es\/blog\/#breadcrumb\",\"itemListElement\":[{\"@type\":\"ListItem\",\"position\":1,\"name\":\"Home\",\"item\":\"https:\/\/trattopunto.com\/es\/\"},{\"@type\":\"ListItem\",\"position\":2,\"name\":\"Blog\"}]},{\"@type\":\"WebSite\",\"@id\":\"https:\/\/trattopunto.com\/#website\",\"url\":\"https:\/\/trattopunto.com\/\",\"name\":\"Trattopunto\",\"description\":\"Network Italiano per il Turismo Industriale\",\"potentialAction\":[{\"@type\":\"SearchAction\",\"target\":{\"@type\":\"EntryPoint\",\"urlTemplate\":\"https:\/\/trattopunto.com\/?s={search_term_string}\"},\"query-input\":{\"@type\":\"PropertyValueSpecification\",\"valueRequired\":true,\"valueName\":\"search_term_string\"}}],\"inLanguage\":\"es\"}]}<\/script>\n<!-- \/ Yoast SEO plugin. -->","yoast_head_json":{"title":"Blog de noticias sobre Turismo Industrial y actividades de TrattoPunto","description":"Noticias del mundo del turismo industrial, nuestras actividades y las de nuestros socios, An\u00e1lisis tem\u00e1tico en profundidad del v\u00ednculo...","robots":{"index":"index","follow":"follow","max-snippet":"max-snippet:-1","max-image-preview":"max-image-preview:large","max-video-preview":"max-video-preview:-1"},"canonical":"https:\/\/trattopunto.com\/es\/blog\/","og_locale":"es_ES","og_type":"article","og_title":"Blog de noticias sobre Turismo Industrial y actividades de TrattoPunto","og_description":"Noticias del mundo del turismo industrial, nuestras actividades y las de nuestros socios, An\u00e1lisis tem\u00e1tico en profundidad del v\u00ednculo...","og_url":"https:\/\/trattopunto.com\/es\/blog\/","og_site_name":"Trattopunto","article_modified_time":"2021-07-10T17:31:40+00:00","twitter_misc":{"Tiempo de lectura":"1 minuto"},"schema":{"@context":"https:\/\/schema.org","@graph":[{"@type":"WebPage","@id":"https:\/\/trattopunto.com\/es\/blog\/","url":"https:\/\/trattopunto.com\/es\/blog\/","name":"Blog de noticias sobre Turismo Industrial y actividades de TrattoPunto","isPartOf":{"@id":"https:\/\/trattopunto.com\/#website"},"datePublished":"2021-07-10T17:30:57+00:00","dateModified":"2021-07-10T17:31:40+00:00","description":"Noticias del mundo del turismo industrial, nuestras actividades y las de nuestros socios, An\u00e1lisis tem\u00e1tico en profundidad del v\u00ednculo...","breadcrumb":{"@id":"https:\/\/trattopunto.com\/es\/blog\/#breadcrumb"},"inLanguage":"es","potentialAction":[{"@type":"ReadAction","target":["https:\/\/trattopunto.com\/es\/blog\/"]}]},{"@type":"BreadcrumbList","@id":"https:\/\/trattopunto.com\/es\/blog\/#breadcrumb","itemListElement":[{"@type":"ListItem","position":1,"name":"Home","item":"https:\/\/trattopunto.com\/es\/"},{"@type":"ListItem","position":2,"name":"Blog"}]},{"@type":"WebSite","@id":"https:\/\/trattopunto.com\/#website","url":"https:\/\/trattopunto.com\/","name":"Trattopunto","description":"Network Italiano per il Turismo Industriale","potentialAction":[{"@type":"SearchAction","target":{"@type":"EntryPoint","urlTemplate":"https:\/\/trattopunto.com\/?s={search_term_string}"},"query-input":{"@type":"PropertyValueSpecification","valueRequired":true,"valueName":"search_term_string"}}],"inLanguage":"es"}]}},"_links":{"self":[{"href":"https:\/\/trattopunto.com\/es\/wp-json\/wp\/v2\/pages\/2467"}],"collection":[{"href":"https:\/\/trattopunto.com\/es\/wp-json\/wp\/v2\/pages"}],"about":[{"href":"https:\/\/trattopunto.com\/es\/wp-json\/wp\/v2\/types\/page"}],"author":[{"embeddable":true,"href":"https:\/\/trattopunto.com\/es\/wp-json\/wp\/v2\/users\/1"}],"replies":[{"embeddable":true,"href":"https:\/\/trattopunto.com\/es\/wp-json\/wp\/v2\/comments?post=2467"}],"version-history":[{"count":2,"href":"https:\/\/trattopunto.com\/es\/wp-json\/wp\/v2\/pages\/2467\/revisions"}],"predecessor-version":[{"id":2469,"href":"https:\/\/trattopunto.com\/es\/wp-json\/wp\/v2\/pages\/2467\/revisions\/2469"}],"wp:attachment":[{"href":"https:\/\/trattopunto.com\/es\/wp-json\/wp\/v2\/media?parent=2467"}],"curies":[{"name":"wp","href":"https:\/\/api.w.org\/{rel}","templated":true}]}}