{"id":2461,"date":"2021-07-10T17:15:44","date_gmt":"2021-07-10T17:15:44","guid":{"rendered":"https:\/\/trattopunto.com\/?page_id=2461"},"modified":"2021-07-10T17:16:26","modified_gmt":"2021-07-10T17:16:26","slug":"galeria","status":"publish","type":"page","link":"https:\/\/trattopunto.com\/es\/galeria\/","title":{"rendered":"Galer\u00eda"},"content":{"rendered":"<p>[vc_row][vc_column][vc_column_text]<\/p>\n<p id=\"losinfo\" style=\"text-align: center;\">Galer\u00eda<span id=\"secondText\"> TrattoPunto<\/span><\/p>\n<p>[\/vc_column_text][vc_column_text css=\u00bb.vc_custom_1586983900000{margin-top: -35px !important;}\u00bb]<img loading=\"lazy\" decoding=\"async\" class=\"alignnone size-full wp-image-980 aligncenter\" src=\"https:\/\/trattopunto.com\/wp-content\/uploads\/2020\/04\/filetto2.png\" alt=\"\" width=\"87\" height=\"19\" srcset=\"https:\/\/trattopunto.com\/wp-content\/uploads\/2020\/04\/filetto2.png 87w, https:\/\/trattopunto.com\/wp-content\/uploads\/2020\/04\/filetto2-50x11.png 50w, https:\/\/trattopunto.com\/wp-content\/uploads\/2020\/04\/filetto2-85x19.png 85w\" sizes=\"(max-width: 87px) 100vw, 87px\" \/>[\/vc_column_text][vc_column_text]<\/p>\n<p style=\"text-align: center;\"><strong>Recuerdos del viaje. Pruebas fotogr\u00e1ficas de nuestros itinerarios de turismo industrial por Italia<\/strong><\/p>\n<p>[\/vc_column_text][vc_column_text]<\/p>\n<p>ngg_shortcode_0_placeholder[\/vc_column_text][\/vc_column][\/vc_row]<\/p>\n<p>&nbsp;<\/p>\n","protected":false},"excerpt":{"rendered":"<p>[vc_row][vc_column][vc_column_text] Galer\u00eda TrattoPunto [\/vc_column_text][vc_column_text css=\u00bb.vc_custom_1586983900000{margin-top: -35px !important;}\u00bb][\/vc_column_text][vc_column_text] Recuerdos del viaje. Pruebas fotogr\u00e1ficas de nuestros itinerarios de turismo industrial por Italia [\/vc_column_text][vc_column_text] [\/vc_column_text][\/vc_column][\/vc_row] &nbsp;<\/p>\n","protected":false},"author":1,"featured_media":0,"parent":0,"menu_order":0,"comment_status":"closed","ping_status":"closed","template":"","meta":{"ngg_post_thumbnail":0,"_vp_format_video_url":"","_vp_image_focal_point":[],"footnotes":""},"class_list":["post-2461","page","type-page","status-publish","hentry"],"yoast_head":"<!-- This site is optimized with the Yoast SEO plugin v24.2 - https:\/\/yoast.com\/wordpress\/plugins\/seo\/ -->\n<title>Galer\u00edas Fotogr\u00e1ficas de TrattoPunto<\/title>\n<meta name=\"description\" content=\"Recuerdos del viaje. Pruebas fotogr\u00e1ficas de nuestros itinerarios de turismo industrial por Italia...\" \/>\n<meta name=\"robots\" content=\"index, follow, max-snippet:-1, max-image-preview:large, max-video-preview:-1\" \/>\n<link rel=\"canonical\" href=\"https:\/\/trattopunto.com\/es\/galeria\/\" \/>\n<meta property=\"og:locale\" content=\"es_ES\" \/>\n<meta property=\"og:type\" content=\"article\" \/>\n<meta property=\"og:title\" content=\"Galer\u00edas Fotogr\u00e1ficas de TrattoPunto\" \/>\n<meta property=\"og:description\" content=\"Recuerdos del viaje. Pruebas fotogr\u00e1ficas de nuestros itinerarios de turismo industrial por Italia...\" \/>\n<meta property=\"og:url\" content=\"https:\/\/trattopunto.com\/es\/galeria\/\" \/>\n<meta property=\"og:site_name\" content=\"Trattopunto\" \/>\n<meta property=\"article:modified_time\" content=\"2021-07-10T17:16:26+00:00\" \/>\n<meta property=\"og:image\" content=\"https:\/\/trattopunto.com\/wp-content\/uploads\/2020\/04\/filetto2.png\" \/>\n<meta name=\"twitter:label1\" content=\"Tiempo de lectura\" \/>\n\t<meta name=\"twitter:data1\" content=\"1 minuto\" \/>\n<script type=\"application\/ld+json\" class=\"yoast-schema-graph\">{\"@context\":\"https:\/\/schema.org\",\"@graph\":[{\"@type\":\"WebPage\",\"@id\":\"https:\/\/trattopunto.com\/es\/galeria\/\",\"url\":\"https:\/\/trattopunto.com\/es\/galeria\/\",\"name\":\"Galer\u00edas Fotogr\u00e1ficas de TrattoPunto\",\"isPartOf\":{\"@id\":\"https:\/\/trattopunto.com\/#website\"},\"primaryImageOfPage\":{\"@id\":\"https:\/\/trattopunto.com\/es\/galeria\/#primaryimage\"},\"image\":{\"@id\":\"https:\/\/trattopunto.com\/es\/galeria\/#primaryimage\"},\"thumbnailUrl\":\"https:\/\/trattopunto.com\/wp-content\/uploads\/2020\/04\/filetto2.png\",\"datePublished\":\"2021-07-10T17:15:44+00:00\",\"dateModified\":\"2021-07-10T17:16:26+00:00\",\"description\":\"Recuerdos del viaje. Pruebas fotogr\u00e1ficas de nuestros itinerarios de turismo industrial por Italia...\",\"breadcrumb\":{\"@id\":\"https:\/\/trattopunto.com\/es\/galeria\/#breadcrumb\"},\"inLanguage\":\"es\",\"potentialAction\":[{\"@type\":\"ReadAction\",\"target\":[\"https:\/\/trattopunto.com\/es\/galeria\/\"]}]},{\"@type\":\"ImageObject\",\"inLanguage\":\"es\",\"@id\":\"https:\/\/trattopunto.com\/es\/galeria\/#primaryimage\",\"url\":\"https:\/\/trattopunto.com\/wp-content\/uploads\/2020\/04\/filetto2.png\",\"contentUrl\":\"https:\/\/trattopunto.com\/wp-content\/uploads\/2020\/04\/filetto2.png\"},{\"@type\":\"BreadcrumbList\",\"@id\":\"https:\/\/trattopunto.com\/es\/galeria\/#breadcrumb\",\"itemListElement\":[{\"@type\":\"ListItem\",\"position\":1,\"name\":\"Home\",\"item\":\"https:\/\/trattopunto.com\/es\/\"},{\"@type\":\"ListItem\",\"position\":2,\"name\":\"Galer\u00eda\"}]},{\"@type\":\"WebSite\",\"@id\":\"https:\/\/trattopunto.com\/#website\",\"url\":\"https:\/\/trattopunto.com\/\",\"name\":\"Trattopunto\",\"description\":\"Network Italiano per il Turismo Industriale\",\"potentialAction\":[{\"@type\":\"SearchAction\",\"target\":{\"@type\":\"EntryPoint\",\"urlTemplate\":\"https:\/\/trattopunto.com\/?s={search_term_string}\"},\"query-input\":{\"@type\":\"PropertyValueSpecification\",\"valueRequired\":true,\"valueName\":\"search_term_string\"}}],\"inLanguage\":\"es\"}]}<\/script>\n<!-- \/ Yoast SEO plugin. -->","yoast_head_json":{"title":"Galer\u00edas Fotogr\u00e1ficas de TrattoPunto","description":"Recuerdos del viaje. Pruebas fotogr\u00e1ficas de nuestros itinerarios de turismo industrial por Italia...","robots":{"index":"index","follow":"follow","max-snippet":"max-snippet:-1","max-image-preview":"max-image-preview:large","max-video-preview":"max-video-preview:-1"},"canonical":"https:\/\/trattopunto.com\/es\/galeria\/","og_locale":"es_ES","og_type":"article","og_title":"Galer\u00edas Fotogr\u00e1ficas de TrattoPunto","og_description":"Recuerdos del viaje. Pruebas fotogr\u00e1ficas de nuestros itinerarios de turismo industrial por Italia...","og_url":"https:\/\/trattopunto.com\/es\/galeria\/","og_site_name":"Trattopunto","article_modified_time":"2021-07-10T17:16:26+00:00","og_image":[{"url":"https:\/\/trattopunto.com\/wp-content\/uploads\/2020\/04\/filetto2.png","type":"","width":"","height":""}],"twitter_misc":{"Tiempo de lectura":"1 minuto"},"schema":{"@context":"https:\/\/schema.org","@graph":[{"@type":"WebPage","@id":"https:\/\/trattopunto.com\/es\/galeria\/","url":"https:\/\/trattopunto.com\/es\/galeria\/","name":"Galer\u00edas Fotogr\u00e1ficas de TrattoPunto","isPartOf":{"@id":"https:\/\/trattopunto.com\/#website"},"primaryImageOfPage":{"@id":"https:\/\/trattopunto.com\/es\/galeria\/#primaryimage"},"image":{"@id":"https:\/\/trattopunto.com\/es\/galeria\/#primaryimage"},"thumbnailUrl":"https:\/\/trattopunto.com\/wp-content\/uploads\/2020\/04\/filetto2.png","datePublished":"2021-07-10T17:15:44+00:00","dateModified":"2021-07-10T17:16:26+00:00","description":"Recuerdos del viaje. Pruebas fotogr\u00e1ficas de nuestros itinerarios de turismo industrial por Italia...","breadcrumb":{"@id":"https:\/\/trattopunto.com\/es\/galeria\/#breadcrumb"},"inLanguage":"es","potentialAction":[{"@type":"ReadAction","target":["https:\/\/trattopunto.com\/es\/galeria\/"]}]},{"@type":"ImageObject","inLanguage":"es","@id":"https:\/\/trattopunto.com\/es\/galeria\/#primaryimage","url":"https:\/\/trattopunto.com\/wp-content\/uploads\/2020\/04\/filetto2.png","contentUrl":"https:\/\/trattopunto.com\/wp-content\/uploads\/2020\/04\/filetto2.png"},{"@type":"BreadcrumbList","@id":"https:\/\/trattopunto.com\/es\/galeria\/#breadcrumb","itemListElement":[{"@type":"ListItem","position":1,"name":"Home","item":"https:\/\/trattopunto.com\/es\/"},{"@type":"ListItem","position":2,"name":"Galer\u00eda"}]},{"@type":"WebSite","@id":"https:\/\/trattopunto.com\/#website","url":"https:\/\/trattopunto.com\/","name":"Trattopunto","description":"Network Italiano per il Turismo Industriale","potentialAction":[{"@type":"SearchAction","target":{"@type":"EntryPoint","urlTemplate":"https:\/\/trattopunto.com\/?s={search_term_string}"},"query-input":{"@type":"PropertyValueSpecification","valueRequired":true,"valueName":"search_term_string"}}],"inLanguage":"es"}]}},"_links":{"self":[{"href":"https:\/\/trattopunto.com\/es\/wp-json\/wp\/v2\/pages\/2461"}],"collection":[{"href":"https:\/\/trattopunto.com\/es\/wp-json\/wp\/v2\/pages"}],"about":[{"href":"https:\/\/trattopunto.com\/es\/wp-json\/wp\/v2\/types\/page"}],"author":[{"embeddable":true,"href":"https:\/\/trattopunto.com\/es\/wp-json\/wp\/v2\/users\/1"}],"replies":[{"embeddable":true,"href":"https:\/\/trattopunto.com\/es\/wp-json\/wp\/v2\/comments?post=2461"}],"version-history":[{"count":2,"href":"https:\/\/trattopunto.com\/es\/wp-json\/wp\/v2\/pages\/2461\/revisions"}],"predecessor-version":[{"id":2463,"href":"https:\/\/trattopunto.com\/es\/wp-json\/wp\/v2\/pages\/2461\/revisions\/2463"}],"wp:attachment":[{"href":"https:\/\/trattopunto.com\/es\/wp-json\/wp\/v2\/media?parent=2461"}],"curies":[{"name":"wp","href":"https:\/\/api.w.org\/{rel}","templated":true}]}}