{"id":2313,"date":"2021-06-30T16:02:43","date_gmt":"2021-06-30T16:02:43","guid":{"rendered":"https:\/\/trattopunto.com\/?page_id=2313"},"modified":"2021-07-10T16:30:08","modified_gmt":"2021-07-10T16:30:08","slug":"turismo-industriale","status":"publish","type":"page","link":"https:\/\/trattopunto.com\/es\/turismo-industriale\/","title":{"rendered":"Turismo Industriale"},"content":{"rendered":"<p>[vc_row full_width=\u00bbstretch_row_content_no_spaces\u00bb][vc_column][rev_slider_vc alias=\u00bbslide-turismo-industriale\u00bb][vc_row_inner][vc_column_inner width=\u00bb1\/4&#8243;][\/vc_column_inner][vc_column_inner width=\u00bb1\/2&#8243; css=\u00bb.vc_custom_1589725052497{padding-right: 33px !important;padding-left: 33px !important;}\u00bb][vc_column_text]<\/p>\n<p id=\"losinfo\" style=\"text-align: left;\"><span id=\"secondText\">Turismo Industrial seg\u00fan TrattoPunto<\/span><\/p>\n<p>[\/vc_column_text][vc_column_text css=\u00bb.vc_custom_1587029559162{margin-top: -50px !important;margin-bottom: 40px !important;}\u00bb]<img loading=\"lazy\" decoding=\"async\" class=\"alignnone size-full wp-image-980 alignleft\" src=\"https:\/\/trattopunto.com\/wp-content\/uploads\/2020\/04\/filetto2.png\" alt=\"\" width=\"87\" height=\"19\" srcset=\"https:\/\/trattopunto.com\/wp-content\/uploads\/2020\/04\/filetto2.png 87w, https:\/\/trattopunto.com\/wp-content\/uploads\/2020\/04\/filetto2-50x11.png 50w, https:\/\/trattopunto.com\/wp-content\/uploads\/2020\/04\/filetto2-85x19.png 85w\" sizes=\"(max-width: 87px) 100vw, 87px\" \/>[\/vc_column_text][vc_column_text css=\u00bb.vc_custom_1625068951574{margin-top: 100px !important;}\u00bb]A menudo nos preguntan <strong>qu\u00e9 hace TrattoPunto<\/strong>. Pues bien, la respuesta es f\u00e1cil: <strong>nos ocupamos de valorizar el patrimonio industrial italiano mediante la planificaci\u00f3n de itinerarios<\/strong>, con especial atenci\u00f3n a los clientes italianos y extranjeros que, aunque no sean expertos, aprecian los valores del Made in Italy, ya sea hist\u00f3rico o contempor\u00e1neo.<\/p>\n<p><strong>Un primer aspecto que nos diferencia de otras experiencias<\/strong> relativas a la comunicaci\u00f3n del patrimonio industrial italiano es justamente el <strong>ir continuamente m\u00e1s all\u00e1 del relato para imaginar y realizar un producto<\/strong> <strong>que pueda ser adquirido por el usuario final<\/strong>, el simple visitante del d\u00eda o el turista que se queda a dormir, en un itinerario estructurado en varios d\u00edas, incluyendo pernoctaciones. Aqu\u00ed brilla la naturaleza profunda del dise\u00f1ador de viajes a medida; <strong>nuestra mayor satisfacci\u00f3n es dise\u00f1ar itinerarios a medida<\/strong>, seg\u00fan los deseos de quienes se acercan a nosotros, seg\u00fan el gusto particular de quienes nos piden una forma innovadora de descubrir los valores de las comunidades y los territorios, que son la riqueza italiana m\u00e1s profunda.<\/p>\n<p><strong>Valores y riquezas de comunidades y territorios que<\/strong>, seg\u00fan la vertiente que caracteriza la actuaci\u00f3n de TrattoPunto, <strong>se entremezclan con destinos m\u00e1s industriales<\/strong>, en una provechosa relaci\u00f3n causa-efecto entre historias y entornos que han generado ejemplos industriales particulares y caracter\u00edsticos que, a su vez, han configurado las comunidades y territorios que los acogen a lo largo del tiempo.<\/p>\n<p>De acuerdo con este principio, <strong>colaboramos cada vez m\u00e1s con las empresas, las asociaciones comerciales y las instituciones p\u00fablicas locales<\/strong> para poner de manifiesto estas relaciones y, con un toque de creatividad, vincularlas para ofrecer una propuesta tur\u00edstica y de<strong> visita integrada que combine los destinos tur\u00edsticos tradicionales con los vinculados al saber hacer humano<\/strong>.<\/p>\n<p>Con vistas a la diversificaci\u00f3n de los flujos tur\u00edsticos, al reequilibrio entre zonas caracterizadas por la sobrecarga tur\u00edstica o, a la inversa, por la falta de visitantes, <strong>TrattoPunto propone soluciones propias que pueden leerse como verdaderas acciones de marketing territorial<\/strong>; soluciones que, de entrada, tienen una posibilidad efectiva y real de repercusi\u00f3n econ\u00f3mica, la ruta tur\u00edstica. Un itinerario en el que se conecta lo mejor del territorio con lo mejor que ofrece la industria all\u00ed ubicada. <strong>El patrimonio cultural tradicional se hace a\u00fan m\u00e1s atractivo porque ya no se disfruta exclusivamente, sino que se aborda desde el lado, de forma innovadora y cautivadora, en una experiencia de visita que incluye el acceso a los lugares de producci\u00f3n, degustaciones de comida y vino, compras informadas en los puntos de venta de la empresa y, por qu\u00e9 no, paseos fotogr\u00e1ficos a lugares de aut\u00e9ntica arqueolog\u00eda industrial.<\/strong><\/p>\n<p>TrattoPunto es todo esto pero puede ser a\u00fan m\u00e1s. <strong>Si est\u00e1 de acuerdo con nuestra forma de entender el turismo y, en particular, esta forma de valorizaci\u00f3n del patrimonio industrial<\/strong>, s\u00f3lo tiene que ponerse en contacto con nosotros. Si es usted representante de una instituci\u00f3n p\u00fablica, si dirige una empresa, si es un operador tur\u00edstico o le apasionan estos temas&#8230;<br \/>\n<strong><br \/>\nEstamos aqu\u00ed para ti.<br \/>\n<\/strong>[\/vc_column_text][\/vc_column_inner][vc_column_inner width=\u00bb1\/4&#8243;][\/vc_column_inner][\/vc_row_inner][\/vc_column][\/vc_row]<\/p>\n","protected":false},"excerpt":{"rendered":"<p>[vc_row full_width=\u00bbstretch_row_content_no_spaces\u00bb][vc_column][rev_slider_vc alias=\u00bbslide-turismo-industriale\u00bb][vc_row_inner][vc_column_inner width=\u00bb1\/4&#8243;][\/vc_column_inner][vc_column_inner width=\u00bb1\/2&#8243; css=\u00bb.vc_custom_1589725052497{padding-right: 33px !important;padding-left: 33px !important;}\u00bb][vc_column_text] Turismo Industrial seg\u00fan TrattoPunto [\/vc_column_text][vc_column_text css=\u00bb.vc_custom_1587029559162{margin-top: -50px !important;margin-bottom: 40px !important;}\u00bb][\/vc_column_text][vc_column_text css=\u00bb.vc_custom_1625068951574{margin-top: 100px !important;}\u00bb]A menudo nos preguntan<span class=\"excerpt-hellip\"> [\u2026]<\/span><\/p>\n","protected":false},"author":1,"featured_media":0,"parent":0,"menu_order":0,"comment_status":"closed","ping_status":"closed","template":"","meta":{"ngg_post_thumbnail":0,"_vp_format_video_url":"","_vp_image_focal_point":[],"footnotes":""},"class_list":["post-2313","page","type-page","status-publish","hentry"],"yoast_head":"<!-- This site is optimized with the Yoast SEO plugin v24.2 - https:\/\/yoast.com\/wordpress\/plugins\/seo\/ -->\n<title>Turismo Industriale - Trattopunto<\/title>\n<meta name=\"robots\" content=\"index, follow, max-snippet:-1, max-image-preview:large, max-video-preview:-1\" \/>\n<link rel=\"canonical\" href=\"https:\/\/trattopunto.com\/es\/turismo-industriale\/\" \/>\n<meta property=\"og:locale\" content=\"es_ES\" \/>\n<meta property=\"og:type\" content=\"article\" \/>\n<meta property=\"og:title\" content=\"Turismo Industriale - Trattopunto\" \/>\n<meta property=\"og:description\" content=\"[vc_row full_width=\u00bbstretch_row_content_no_spaces\u00bb][vc_column][rev_slider_vc alias=\u00bbslide-turismo-industriale\u00bb][vc_row_inner][vc_column_inner width=\u00bb1\/4&#8243;][\/vc_column_inner][vc_column_inner width=\u00bb1\/2&#8243; css=\u00bb.vc_custom_1589725052497{padding-right: 33px !important;padding-left: 33px !important;}\u00bb][vc_column_text] Turismo Industrial seg\u00fan TrattoPunto [\/vc_column_text][vc_column_text css=\u00bb.vc_custom_1587029559162{margin-top: -50px !important;margin-bottom: 40px !important;}\u00bb][\/vc_column_text][vc_column_text css=\u00bb.vc_custom_1625068951574{margin-top: 100px !important;}\u00bb]A menudo nos preguntan [\u2026]\" \/>\n<meta property=\"og:url\" content=\"https:\/\/trattopunto.com\/es\/turismo-industriale\/\" \/>\n<meta property=\"og:site_name\" content=\"Trattopunto\" \/>\n<meta property=\"article:modified_time\" content=\"2021-07-10T16:30:08+00:00\" \/>\n<meta property=\"og:image\" content=\"https:\/\/trattopunto.com\/wp-content\/uploads\/2020\/04\/filetto2.png\" \/>\n<meta name=\"twitter:label1\" content=\"Tiempo de lectura\" \/>\n\t<meta name=\"twitter:data1\" content=\"3 minutos\" \/>\n<script type=\"application\/ld+json\" class=\"yoast-schema-graph\">{\"@context\":\"https:\/\/schema.org\",\"@graph\":[{\"@type\":\"WebPage\",\"@id\":\"https:\/\/trattopunto.com\/es\/turismo-industriale\/\",\"url\":\"https:\/\/trattopunto.com\/es\/turismo-industriale\/\",\"name\":\"Turismo Industriale - Trattopunto\",\"isPartOf\":{\"@id\":\"https:\/\/trattopunto.com\/#website\"},\"primaryImageOfPage\":{\"@id\":\"https:\/\/trattopunto.com\/es\/turismo-industriale\/#primaryimage\"},\"image\":{\"@id\":\"https:\/\/trattopunto.com\/es\/turismo-industriale\/#primaryimage\"},\"thumbnailUrl\":\"https:\/\/trattopunto.com\/wp-content\/uploads\/2020\/04\/filetto2.png\",\"datePublished\":\"2021-06-30T16:02:43+00:00\",\"dateModified\":\"2021-07-10T16:30:08+00:00\",\"breadcrumb\":{\"@id\":\"https:\/\/trattopunto.com\/es\/turismo-industriale\/#breadcrumb\"},\"inLanguage\":\"es\",\"potentialAction\":[{\"@type\":\"ReadAction\",\"target\":[\"https:\/\/trattopunto.com\/es\/turismo-industriale\/\"]}]},{\"@type\":\"ImageObject\",\"inLanguage\":\"es\",\"@id\":\"https:\/\/trattopunto.com\/es\/turismo-industriale\/#primaryimage\",\"url\":\"https:\/\/trattopunto.com\/wp-content\/uploads\/2020\/04\/filetto2.png\",\"contentUrl\":\"https:\/\/trattopunto.com\/wp-content\/uploads\/2020\/04\/filetto2.png\"},{\"@type\":\"BreadcrumbList\",\"@id\":\"https:\/\/trattopunto.com\/es\/turismo-industriale\/#breadcrumb\",\"itemListElement\":[{\"@type\":\"ListItem\",\"position\":1,\"name\":\"Home\",\"item\":\"https:\/\/trattopunto.com\/es\/\"},{\"@type\":\"ListItem\",\"position\":2,\"name\":\"Turismo Industriale\"}]},{\"@type\":\"WebSite\",\"@id\":\"https:\/\/trattopunto.com\/#website\",\"url\":\"https:\/\/trattopunto.com\/\",\"name\":\"Trattopunto\",\"description\":\"Network Italiano per il Turismo Industriale\",\"potentialAction\":[{\"@type\":\"SearchAction\",\"target\":{\"@type\":\"EntryPoint\",\"urlTemplate\":\"https:\/\/trattopunto.com\/?s={search_term_string}\"},\"query-input\":{\"@type\":\"PropertyValueSpecification\",\"valueRequired\":true,\"valueName\":\"search_term_string\"}}],\"inLanguage\":\"es\"}]}<\/script>\n<!-- \/ Yoast SEO plugin. -->","yoast_head_json":{"title":"Turismo Industriale - Trattopunto","robots":{"index":"index","follow":"follow","max-snippet":"max-snippet:-1","max-image-preview":"max-image-preview:large","max-video-preview":"max-video-preview:-1"},"canonical":"https:\/\/trattopunto.com\/es\/turismo-industriale\/","og_locale":"es_ES","og_type":"article","og_title":"Turismo Industriale - Trattopunto","og_description":"[vc_row full_width=\u00bbstretch_row_content_no_spaces\u00bb][vc_column][rev_slider_vc alias=\u00bbslide-turismo-industriale\u00bb][vc_row_inner][vc_column_inner width=\u00bb1\/4&#8243;][\/vc_column_inner][vc_column_inner width=\u00bb1\/2&#8243; css=\u00bb.vc_custom_1589725052497{padding-right: 33px !important;padding-left: 33px !important;}\u00bb][vc_column_text] Turismo Industrial seg\u00fan TrattoPunto [\/vc_column_text][vc_column_text css=\u00bb.vc_custom_1587029559162{margin-top: -50px !important;margin-bottom: 40px !important;}\u00bb][\/vc_column_text][vc_column_text css=\u00bb.vc_custom_1625068951574{margin-top: 100px !important;}\u00bb]A menudo nos preguntan [\u2026]","og_url":"https:\/\/trattopunto.com\/es\/turismo-industriale\/","og_site_name":"Trattopunto","article_modified_time":"2021-07-10T16:30:08+00:00","og_image":[{"url":"https:\/\/trattopunto.com\/wp-content\/uploads\/2020\/04\/filetto2.png","type":"","width":"","height":""}],"twitter_misc":{"Tiempo de lectura":"3 minutos"},"schema":{"@context":"https:\/\/schema.org","@graph":[{"@type":"WebPage","@id":"https:\/\/trattopunto.com\/es\/turismo-industriale\/","url":"https:\/\/trattopunto.com\/es\/turismo-industriale\/","name":"Turismo Industriale - Trattopunto","isPartOf":{"@id":"https:\/\/trattopunto.com\/#website"},"primaryImageOfPage":{"@id":"https:\/\/trattopunto.com\/es\/turismo-industriale\/#primaryimage"},"image":{"@id":"https:\/\/trattopunto.com\/es\/turismo-industriale\/#primaryimage"},"thumbnailUrl":"https:\/\/trattopunto.com\/wp-content\/uploads\/2020\/04\/filetto2.png","datePublished":"2021-06-30T16:02:43+00:00","dateModified":"2021-07-10T16:30:08+00:00","breadcrumb":{"@id":"https:\/\/trattopunto.com\/es\/turismo-industriale\/#breadcrumb"},"inLanguage":"es","potentialAction":[{"@type":"ReadAction","target":["https:\/\/trattopunto.com\/es\/turismo-industriale\/"]}]},{"@type":"ImageObject","inLanguage":"es","@id":"https:\/\/trattopunto.com\/es\/turismo-industriale\/#primaryimage","url":"https:\/\/trattopunto.com\/wp-content\/uploads\/2020\/04\/filetto2.png","contentUrl":"https:\/\/trattopunto.com\/wp-content\/uploads\/2020\/04\/filetto2.png"},{"@type":"BreadcrumbList","@id":"https:\/\/trattopunto.com\/es\/turismo-industriale\/#breadcrumb","itemListElement":[{"@type":"ListItem","position":1,"name":"Home","item":"https:\/\/trattopunto.com\/es\/"},{"@type":"ListItem","position":2,"name":"Turismo Industriale"}]},{"@type":"WebSite","@id":"https:\/\/trattopunto.com\/#website","url":"https:\/\/trattopunto.com\/","name":"Trattopunto","description":"Network Italiano per il Turismo Industriale","potentialAction":[{"@type":"SearchAction","target":{"@type":"EntryPoint","urlTemplate":"https:\/\/trattopunto.com\/?s={search_term_string}"},"query-input":{"@type":"PropertyValueSpecification","valueRequired":true,"valueName":"search_term_string"}}],"inLanguage":"es"}]}},"_links":{"self":[{"href":"https:\/\/trattopunto.com\/es\/wp-json\/wp\/v2\/pages\/2313"}],"collection":[{"href":"https:\/\/trattopunto.com\/es\/wp-json\/wp\/v2\/pages"}],"about":[{"href":"https:\/\/trattopunto.com\/es\/wp-json\/wp\/v2\/types\/page"}],"author":[{"embeddable":true,"href":"https:\/\/trattopunto.com\/es\/wp-json\/wp\/v2\/users\/1"}],"replies":[{"embeddable":true,"href":"https:\/\/trattopunto.com\/es\/wp-json\/wp\/v2\/comments?post=2313"}],"version-history":[{"count":3,"href":"https:\/\/trattopunto.com\/es\/wp-json\/wp\/v2\/pages\/2313\/revisions"}],"predecessor-version":[{"id":2404,"href":"https:\/\/trattopunto.com\/es\/wp-json\/wp\/v2\/pages\/2313\/revisions\/2404"}],"wp:attachment":[{"href":"https:\/\/trattopunto.com\/es\/wp-json\/wp\/v2\/media?parent=2313"}],"curies":[{"name":"wp","href":"https:\/\/api.w.org\/{rel}","templated":true}]}}