{"id":2310,"date":"2021-07-10T16:29:48","date_gmt":"2021-07-10T16:29:48","guid":{"rendered":"https:\/\/trattopunto.com\/?page_id=2310"},"modified":"2021-07-10T16:29:48","modified_gmt":"2021-07-10T16:29:48","slug":"el-equipo-de-trattopunto","status":"publish","type":"page","link":"https:\/\/trattopunto.com\/es\/el-equipo-de-trattopunto\/","title":{"rendered":"El equipo de Trattopunto"},"content":{"rendered":"<p>[vc_row full_width=\u00bbstretch_row_content_no_spaces\u00bb][vc_column][rev_slider_vc alias=\u00bbSlide-team\u00bb][vc_row_inner el_id=\u00bbteam1-pagina\u00bb][vc_column_inner width=\u00bb1\/6&#8243;][\/vc_column_inner][vc_column_inner width=\u00bb2\/3&#8243; css=\u00bb.vc_custom_1589708641964{padding-right: 10px !important;padding-left: 10px !important;}\u00bb][vc_column_text]<\/p>\n<p id=\"losinfo\" style=\"text-align: left;\"><span id=\"secondText\">El equipo de Trattopunto<\/span><\/p>\n<p>[\/vc_column_text][vc_column_text css=\u00bb.vc_custom_1587029584798{margin-top: -50px !important;}\u00bb]<img loading=\"lazy\" decoding=\"async\" class=\"alignnone size-full wp-image-980 alignleft\" src=\"https:\/\/trattopunto.com\/wp-content\/uploads\/2020\/04\/filetto2.png\" alt=\"\" width=\"87\" height=\"19\" srcset=\"https:\/\/trattopunto.com\/wp-content\/uploads\/2020\/04\/filetto2.png 87w, https:\/\/trattopunto.com\/wp-content\/uploads\/2020\/04\/filetto2-50x11.png 50w, https:\/\/trattopunto.com\/wp-content\/uploads\/2020\/04\/filetto2-85x19.png 85w\" sizes=\"(max-width: 87px) 100vw, 87px\" \/>[\/vc_column_text][vc_column_text css=\u00bb.vc_custom_1625068225814{margin-top: 100px !important;}\u00bb]<\/p>\n<p style=\"text-align: left;\">Los profesionales que animan TrattoPunto han experimentado, en sus respectivos \u00e1mbitos de actuaci\u00f3n, los diferentes aspectos del conocimiento, la gesti\u00f3n y la puesta en valor del patrimonio industrial.<\/p>\n<p style=\"text-align: left;\">TrattoPunto nace de la conciencia de la necesidad de dar un paso m\u00e1s: el conocimiento, la gesti\u00f3n y la puesta en valor no son nada si no se convierten en una herramienta de conocimiento generalizado, de turismo industrial.<\/p>\n<p>[\/vc_column_text][\/vc_column_inner][vc_column_inner width=\u00bb1\/6&#8243;][\/vc_column_inner][\/vc_row_inner][\/vc_column][\/vc_row][vc_row disable_element=\u00bbyes\u00bb el_class=\u00bbfive-columns\u00bb css=\u00bb.vc_custom_1589708718348{margin-bottom: 40px !important;}\u00bb][vc_column width=\u00bb1\/6&#8243;][\/vc_column][vc_column width=\u00bb1\/6&#8243;][vc_custom_heading text=\u00bbLidia Giusto\u00bb font_container=\u00bbtag:p|font_size:25px|text_align:left|color:%23b81226&#8243; google_fonts=\u00bbfont_family:Roboto%3A100%2C100italic%2C300%2C300italic%2Cregular%2Citalic%2C500%2C500italic%2C700%2C700italic%2C900%2C900italic|font_style:500%20bold%20regular%3A500%3Anormal\u00bb][vc_column_text]Storica dell&#8217;arte e fotografa, si occupa di archeologia industriale e cultura materiale attraverso la creazione di percorsi tematici inerenti alla rivalutazione dei territori.[\/vc_column_text][vc_column_text css=\u00bb.vc_custom_1587029594323{margin-top: -50px !important;}\u00bb]<img loading=\"lazy\" decoding=\"async\" class=\"alignnone size-full wp-image-980 alignleft\" src=\"https:\/\/trattopunto.com\/wp-content\/uploads\/2020\/04\/filetto2.png\" alt=\"\" width=\"87\" height=\"19\" srcset=\"https:\/\/trattopunto.com\/wp-content\/uploads\/2020\/04\/filetto2.png 87w, https:\/\/trattopunto.com\/wp-content\/uploads\/2020\/04\/filetto2-50x11.png 50w, https:\/\/trattopunto.com\/wp-content\/uploads\/2020\/04\/filetto2-85x19.png 85w\" sizes=\"(max-width: 87px) 100vw, 87px\" \/>[\/vc_column_text][\/vc_column][vc_column width=\u00bb1\/6&#8243;][vc_custom_heading text=\u00bbMichela Biancardi\u00bb font_container=\u00bbtag:p|font_size:25px|text_align:left|color:%23b81226&#8243; google_fonts=\u00bbfont_family:Roboto%3A100%2C100italic%2C300%2C300italic%2Cregular%2Citalic%2C500%2C500italic%2C700%2C700italic%2C900%2C900italic|font_style:500%20bold%20regular%3A500%3Anormal\u00bb][vc_column_text]Architetto, co-fondatrice di Texture, ricercatrice presso il TekneHub e docente a contratto presso il Dipartimento di Architettura dell&#8217;Universit\u00e0 di Ferrara , si occupa di museografia, exhibition design, inclusive design, patrimonio culturale e archeologia industriale.[\/vc_column_text][vc_column_text css=\u00bb.vc_custom_1587029600083{margin-top: -50px !important;}\u00bb]<img loading=\"lazy\" decoding=\"async\" class=\"alignnone size-full wp-image-980 alignleft\" src=\"https:\/\/trattopunto.com\/wp-content\/uploads\/2020\/04\/filetto2.png\" alt=\"\" width=\"87\" height=\"19\" srcset=\"https:\/\/trattopunto.com\/wp-content\/uploads\/2020\/04\/filetto2.png 87w, https:\/\/trattopunto.com\/wp-content\/uploads\/2020\/04\/filetto2-50x11.png 50w, https:\/\/trattopunto.com\/wp-content\/uploads\/2020\/04\/filetto2-85x19.png 85w\" sizes=\"(max-width: 87px) 100vw, 87px\" \/>[\/vc_column_text][\/vc_column][vc_column width=\u00bb1\/6&#8243;][vc_custom_heading text=\u00bbFrancesco Antoniol\u00bb font_container=\u00bbtag:p|font_size:25px|text_align:left|color:%23b81226&#8243; google_fonts=\u00bbfont_family:Roboto%3A100%2C100italic%2C300%2C300italic%2Cregular%2Citalic%2C500%2C500italic%2C700%2C700italic%2C900%2C900italic|font_style:500%20bold%20regular%3A500%3Anormal\u00bb][vc_column_text]Archivista e archeologo industriale, co-fondatore dello Studio Associato Virginia, si occupa di valorizzazione di complessi documentali legati al mondo economico e di impresa, di ingegnerizzazione e gestione dei flussi documentali. Studia inoltre i fenomeni dell&#8217;industrializzazione, soprattutto a nord-est dell&#8217;Italia.[\/vc_column_text][vc_column_text css=\u00bb.vc_custom_1587029605224{margin-top: -50px !important;}\u00bb]<img loading=\"lazy\" decoding=\"async\" class=\"alignnone size-full wp-image-980 alignleft\" src=\"https:\/\/trattopunto.com\/wp-content\/uploads\/2020\/04\/filetto2.png\" alt=\"\" width=\"87\" height=\"19\" srcset=\"https:\/\/trattopunto.com\/wp-content\/uploads\/2020\/04\/filetto2.png 87w, https:\/\/trattopunto.com\/wp-content\/uploads\/2020\/04\/filetto2-50x11.png 50w, https:\/\/trattopunto.com\/wp-content\/uploads\/2020\/04\/filetto2-85x19.png 85w\" sizes=\"(max-width: 87px) 100vw, 87px\" \/>[\/vc_column_text][\/vc_column][vc_column width=\u00bb1\/6&#8243;][\/vc_column][vc_column width=\u00bb1\/6&#8243;][\/vc_column][\/vc_row][vc_row el_class=\u00bbfive-columns\u00bb css=\u00bb.vc_custom_1587028426098{margin-bottom: 40px !important;}\u00bb][vc_column width=\u00bb1\/3&#8243;][vc_custom_heading text=\u00bbFrancesco Antoniol\u00bb font_container=\u00bbtag:p|font_size:25px|text_align:left|color:%23b81226&#8243; google_fonts=\u00bbfont_family:Roboto%3A100%2C100italic%2C300%2C300italic%2Cregular%2Citalic%2C500%2C500italic%2C700%2C700italic%2C900%2C900italic|font_style:500%20bold%20regular%3A500%3Anormal\u00bb][vc_column_text]Archivero y arque\u00f3logo industrial, cofundador del Studio Associato Virginia, se ocupa de la valorizaci\u00f3n de los conjuntos documentales vinculados al mundo econ\u00f3mico y empresarial, y de la ingenier\u00eda y gesti\u00f3n de los flujos documentales. Tambi\u00e9n estudia los fen\u00f3menos de industrializaci\u00f3n, especialmente en el noreste de Italia.[\/vc_column_text][vc_column_text css=\u00bb.vc_custom_1587029594323{margin-top: -50px !important;}\u00bb]<img loading=\"lazy\" decoding=\"async\" class=\"alignnone size-full wp-image-980 alignleft\" src=\"https:\/\/trattopunto.com\/wp-content\/uploads\/2020\/04\/filetto2.png\" alt=\"\" width=\"87\" height=\"19\" srcset=\"https:\/\/trattopunto.com\/wp-content\/uploads\/2020\/04\/filetto2.png 87w, https:\/\/trattopunto.com\/wp-content\/uploads\/2020\/04\/filetto2-50x11.png 50w, https:\/\/trattopunto.com\/wp-content\/uploads\/2020\/04\/filetto2-85x19.png 85w\" sizes=\"(max-width: 87px) 100vw, 87px\" \/>[\/vc_column_text][\/vc_column][vc_column width=\u00bb1\/3&#8243; el_id=\u00bbteam-el2&#8243;][vc_custom_heading text=\u00bbMichela Biancardi\u00bb font_container=\u00bbtag:p|font_size:25px|text_align:left|color:%23b81226&#8243; google_fonts=\u00bbfont_family:Roboto%3A100%2C100italic%2C300%2C300italic%2Cregular%2Citalic%2C500%2C500italic%2C700%2C700italic%2C900%2C900italic|font_style:500%20bold%20regular%3A500%3Anormal\u00bb][vc_column_text]Arquitecta, cofundadora de rossottanio architettura y Texture, investigadora en TekneHub y profesora en el Departamento de Arquitectura de la Universidad de Ferrara, se ocupa de museograf\u00eda, dise\u00f1o de exposiciones, dise\u00f1o inclusivo, patrimonio cultural y arqueolog\u00eda industrial.[\/vc_column_text][vc_column_text css=\u00bb.vc_custom_1587029600083{margin-top: -50px !important;}\u00bb]<img loading=\"lazy\" decoding=\"async\" class=\"alignnone size-full wp-image-980 alignleft\" src=\"https:\/\/trattopunto.com\/wp-content\/uploads\/2020\/04\/filetto2.png\" alt=\"\" width=\"87\" height=\"19\" srcset=\"https:\/\/trattopunto.com\/wp-content\/uploads\/2020\/04\/filetto2.png 87w, https:\/\/trattopunto.com\/wp-content\/uploads\/2020\/04\/filetto2-50x11.png 50w, https:\/\/trattopunto.com\/wp-content\/uploads\/2020\/04\/filetto2-85x19.png 85w\" sizes=\"(max-width: 87px) 100vw, 87px\" \/>[\/vc_column_text][\/vc_column][vc_column width=\u00bb1\/3&#8243; el_id=\u00bbteam-el3&#8243;][vc_custom_heading text=\u00bbLidia Giusto\u00bb font_container=\u00bbtag:p|font_size:25px|text_align:left|color:%23b81226&#8243; google_fonts=\u00bbfont_family:Roboto%3A100%2C100italic%2C300%2C300italic%2Cregular%2Citalic%2C500%2C500italic%2C700%2C700italic%2C900%2C900italic|font_style:500%20bold%20regular%3A500%3Anormal\u00bb][vc_column_text]Historiadora del arte y fot\u00f3grafa, aborda la arqueolog\u00eda industrial y la cultura material a trav\u00e9s de la creaci\u00f3n de recorridos tem\u00e1ticos inherentes a la revalorizaci\u00f3n de los territorios.[\/vc_column_text][vc_column_text css=\u00bb.vc_custom_1587029605224{margin-top: -50px !important;}\u00bb]<img loading=\"lazy\" decoding=\"async\" class=\"alignnone size-full wp-image-980 alignleft\" src=\"https:\/\/trattopunto.com\/wp-content\/uploads\/2020\/04\/filetto2.png\" alt=\"\" width=\"87\" height=\"19\" srcset=\"https:\/\/trattopunto.com\/wp-content\/uploads\/2020\/04\/filetto2.png 87w, https:\/\/trattopunto.com\/wp-content\/uploads\/2020\/04\/filetto2-50x11.png 50w, https:\/\/trattopunto.com\/wp-content\/uploads\/2020\/04\/filetto2-85x19.png 85w\" sizes=\"(max-width: 87px) 100vw, 87px\" \/>[\/vc_column_text][\/vc_column][\/vc_row]<\/p>\n","protected":false},"excerpt":{"rendered":"<p>[vc_row full_width=\u00bbstretch_row_content_no_spaces\u00bb][vc_column][rev_slider_vc alias=\u00bbSlide-team\u00bb][vc_row_inner el_id=\u00bbteam1-pagina\u00bb][vc_column_inner width=\u00bb1\/6&#8243;][\/vc_column_inner][vc_column_inner width=\u00bb2\/3&#8243; css=\u00bb.vc_custom_1589708641964{padding-right: 10px !important;padding-left: 10px !important;}\u00bb][vc_column_text] El equipo de Trattopunto [\/vc_column_text][vc_column_text css=\u00bb.vc_custom_1587029584798{margin-top: -50px !important;}\u00bb][\/vc_column_text][vc_column_text css=\u00bb.vc_custom_1625068225814{margin-top: 100px !important;}\u00bb] Los profesionales que animan<span class=\"excerpt-hellip\"> [\u2026]<\/span><\/p>\n","protected":false},"author":1,"featured_media":0,"parent":0,"menu_order":0,"comment_status":"closed","ping_status":"closed","template":"","meta":{"ngg_post_thumbnail":0,"_vp_format_video_url":"","_vp_image_focal_point":[],"footnotes":""},"class_list":["post-2310","page","type-page","status-publish","hentry"],"yoast_head":"<!-- This site is optimized with the Yoast SEO plugin v24.2 - https:\/\/yoast.com\/wordpress\/plugins\/seo\/ -->\n<title>El equipo de Trattopunto - Trattopunto<\/title>\n<meta name=\"robots\" content=\"index, follow, max-snippet:-1, max-image-preview:large, max-video-preview:-1\" \/>\n<link rel=\"canonical\" href=\"https:\/\/trattopunto.com\/es\/el-equipo-de-trattopunto\/\" \/>\n<meta property=\"og:locale\" content=\"es_ES\" \/>\n<meta property=\"og:type\" content=\"article\" \/>\n<meta property=\"og:title\" content=\"El equipo de Trattopunto - Trattopunto\" \/>\n<meta property=\"og:description\" content=\"[vc_row full_width=\u00bbstretch_row_content_no_spaces\u00bb][vc_column][rev_slider_vc alias=\u00bbSlide-team\u00bb][vc_row_inner el_id=\u00bbteam1-pagina\u00bb][vc_column_inner width=\u00bb1\/6&#8243;][\/vc_column_inner][vc_column_inner width=\u00bb2\/3&#8243; css=\u00bb.vc_custom_1589708641964{padding-right: 10px !important;padding-left: 10px !important;}\u00bb][vc_column_text] El equipo de Trattopunto [\/vc_column_text][vc_column_text css=\u00bb.vc_custom_1587029584798{margin-top: -50px !important;}\u00bb][\/vc_column_text][vc_column_text css=\u00bb.vc_custom_1625068225814{margin-top: 100px !important;}\u00bb] Los profesionales que animan [\u2026]\" \/>\n<meta property=\"og:url\" content=\"https:\/\/trattopunto.com\/es\/el-equipo-de-trattopunto\/\" \/>\n<meta property=\"og:site_name\" content=\"Trattopunto\" \/>\n<meta property=\"og:image\" content=\"https:\/\/trattopunto.com\/wp-content\/uploads\/2020\/04\/filetto2.png\" \/>\n<meta name=\"twitter:label1\" content=\"Tiempo de lectura\" \/>\n\t<meta name=\"twitter:data1\" content=\"3 minutos\" \/>\n<script type=\"application\/ld+json\" class=\"yoast-schema-graph\">{\"@context\":\"https:\/\/schema.org\",\"@graph\":[{\"@type\":\"WebPage\",\"@id\":\"https:\/\/trattopunto.com\/es\/el-equipo-de-trattopunto\/\",\"url\":\"https:\/\/trattopunto.com\/es\/el-equipo-de-trattopunto\/\",\"name\":\"El equipo de Trattopunto - Trattopunto\",\"isPartOf\":{\"@id\":\"https:\/\/trattopunto.com\/#website\"},\"primaryImageOfPage\":{\"@id\":\"https:\/\/trattopunto.com\/es\/el-equipo-de-trattopunto\/#primaryimage\"},\"image\":{\"@id\":\"https:\/\/trattopunto.com\/es\/el-equipo-de-trattopunto\/#primaryimage\"},\"thumbnailUrl\":\"https:\/\/trattopunto.com\/wp-content\/uploads\/2020\/04\/filetto2.png\",\"datePublished\":\"2021-07-10T16:29:48+00:00\",\"dateModified\":\"2021-07-10T16:29:48+00:00\",\"breadcrumb\":{\"@id\":\"https:\/\/trattopunto.com\/es\/el-equipo-de-trattopunto\/#breadcrumb\"},\"inLanguage\":\"es\",\"potentialAction\":[{\"@type\":\"ReadAction\",\"target\":[\"https:\/\/trattopunto.com\/es\/el-equipo-de-trattopunto\/\"]}]},{\"@type\":\"ImageObject\",\"inLanguage\":\"es\",\"@id\":\"https:\/\/trattopunto.com\/es\/el-equipo-de-trattopunto\/#primaryimage\",\"url\":\"https:\/\/trattopunto.com\/wp-content\/uploads\/2020\/04\/filetto2.png\",\"contentUrl\":\"https:\/\/trattopunto.com\/wp-content\/uploads\/2020\/04\/filetto2.png\"},{\"@type\":\"BreadcrumbList\",\"@id\":\"https:\/\/trattopunto.com\/es\/el-equipo-de-trattopunto\/#breadcrumb\",\"itemListElement\":[{\"@type\":\"ListItem\",\"position\":1,\"name\":\"Home\",\"item\":\"https:\/\/trattopunto.com\/es\/\"},{\"@type\":\"ListItem\",\"position\":2,\"name\":\"El equipo de Trattopunto\"}]},{\"@type\":\"WebSite\",\"@id\":\"https:\/\/trattopunto.com\/#website\",\"url\":\"https:\/\/trattopunto.com\/\",\"name\":\"Trattopunto\",\"description\":\"Network Italiano per il Turismo Industriale\",\"potentialAction\":[{\"@type\":\"SearchAction\",\"target\":{\"@type\":\"EntryPoint\",\"urlTemplate\":\"https:\/\/trattopunto.com\/?s={search_term_string}\"},\"query-input\":{\"@type\":\"PropertyValueSpecification\",\"valueRequired\":true,\"valueName\":\"search_term_string\"}}],\"inLanguage\":\"es\"}]}<\/script>\n<!-- \/ Yoast SEO plugin. -->","yoast_head_json":{"title":"El equipo de Trattopunto - Trattopunto","robots":{"index":"index","follow":"follow","max-snippet":"max-snippet:-1","max-image-preview":"max-image-preview:large","max-video-preview":"max-video-preview:-1"},"canonical":"https:\/\/trattopunto.com\/es\/el-equipo-de-trattopunto\/","og_locale":"es_ES","og_type":"article","og_title":"El equipo de Trattopunto - Trattopunto","og_description":"[vc_row full_width=\u00bbstretch_row_content_no_spaces\u00bb][vc_column][rev_slider_vc alias=\u00bbSlide-team\u00bb][vc_row_inner el_id=\u00bbteam1-pagina\u00bb][vc_column_inner width=\u00bb1\/6&#8243;][\/vc_column_inner][vc_column_inner width=\u00bb2\/3&#8243; css=\u00bb.vc_custom_1589708641964{padding-right: 10px !important;padding-left: 10px !important;}\u00bb][vc_column_text] El equipo de Trattopunto [\/vc_column_text][vc_column_text css=\u00bb.vc_custom_1587029584798{margin-top: -50px !important;}\u00bb][\/vc_column_text][vc_column_text css=\u00bb.vc_custom_1625068225814{margin-top: 100px !important;}\u00bb] Los profesionales que animan [\u2026]","og_url":"https:\/\/trattopunto.com\/es\/el-equipo-de-trattopunto\/","og_site_name":"Trattopunto","og_image":[{"url":"https:\/\/trattopunto.com\/wp-content\/uploads\/2020\/04\/filetto2.png","type":"","width":"","height":""}],"twitter_misc":{"Tiempo de lectura":"3 minutos"},"schema":{"@context":"https:\/\/schema.org","@graph":[{"@type":"WebPage","@id":"https:\/\/trattopunto.com\/es\/el-equipo-de-trattopunto\/","url":"https:\/\/trattopunto.com\/es\/el-equipo-de-trattopunto\/","name":"El equipo de Trattopunto - Trattopunto","isPartOf":{"@id":"https:\/\/trattopunto.com\/#website"},"primaryImageOfPage":{"@id":"https:\/\/trattopunto.com\/es\/el-equipo-de-trattopunto\/#primaryimage"},"image":{"@id":"https:\/\/trattopunto.com\/es\/el-equipo-de-trattopunto\/#primaryimage"},"thumbnailUrl":"https:\/\/trattopunto.com\/wp-content\/uploads\/2020\/04\/filetto2.png","datePublished":"2021-07-10T16:29:48+00:00","dateModified":"2021-07-10T16:29:48+00:00","breadcrumb":{"@id":"https:\/\/trattopunto.com\/es\/el-equipo-de-trattopunto\/#breadcrumb"},"inLanguage":"es","potentialAction":[{"@type":"ReadAction","target":["https:\/\/trattopunto.com\/es\/el-equipo-de-trattopunto\/"]}]},{"@type":"ImageObject","inLanguage":"es","@id":"https:\/\/trattopunto.com\/es\/el-equipo-de-trattopunto\/#primaryimage","url":"https:\/\/trattopunto.com\/wp-content\/uploads\/2020\/04\/filetto2.png","contentUrl":"https:\/\/trattopunto.com\/wp-content\/uploads\/2020\/04\/filetto2.png"},{"@type":"BreadcrumbList","@id":"https:\/\/trattopunto.com\/es\/el-equipo-de-trattopunto\/#breadcrumb","itemListElement":[{"@type":"ListItem","position":1,"name":"Home","item":"https:\/\/trattopunto.com\/es\/"},{"@type":"ListItem","position":2,"name":"El equipo de Trattopunto"}]},{"@type":"WebSite","@id":"https:\/\/trattopunto.com\/#website","url":"https:\/\/trattopunto.com\/","name":"Trattopunto","description":"Network Italiano per il Turismo Industriale","potentialAction":[{"@type":"SearchAction","target":{"@type":"EntryPoint","urlTemplate":"https:\/\/trattopunto.com\/?s={search_term_string}"},"query-input":{"@type":"PropertyValueSpecification","valueRequired":true,"valueName":"search_term_string"}}],"inLanguage":"es"}]}},"_links":{"self":[{"href":"https:\/\/trattopunto.com\/es\/wp-json\/wp\/v2\/pages\/2310"}],"collection":[{"href":"https:\/\/trattopunto.com\/es\/wp-json\/wp\/v2\/pages"}],"about":[{"href":"https:\/\/trattopunto.com\/es\/wp-json\/wp\/v2\/types\/page"}],"author":[{"embeddable":true,"href":"https:\/\/trattopunto.com\/es\/wp-json\/wp\/v2\/users\/1"}],"replies":[{"embeddable":true,"href":"https:\/\/trattopunto.com\/es\/wp-json\/wp\/v2\/comments?post=2310"}],"version-history":[{"count":3,"href":"https:\/\/trattopunto.com\/es\/wp-json\/wp\/v2\/pages\/2310\/revisions"}],"predecessor-version":[{"id":2403,"href":"https:\/\/trattopunto.com\/es\/wp-json\/wp\/v2\/pages\/2310\/revisions\/2403"}],"wp:attachment":[{"href":"https:\/\/trattopunto.com\/es\/wp-json\/wp\/v2\/media?parent=2310"}],"curies":[{"name":"wp","href":"https:\/\/api.w.org\/{rel}","templated":true}]}}